{"id":3,"date":"2023-04-28T19:02:44","date_gmt":"2023-04-28T19:02:44","guid":{"rendered":"https:\/\/numerique.vamtam.com\/?page_id=3"},"modified":"2026-01-15T21:19:06","modified_gmt":"2026-01-15T21:19:06","slug":"gizlilik-politikasi","status":"publish","type":"page","link":"https:\/\/betpasajans.com\/?page_id=3","title":{"rendered":"Gizlilik Politikas\u0131"},"content":{"rendered":"\t\t<div data-elementor-type=\"wp-page\" data-elementor-id=\"3\" class=\"elementor elementor-3\" data-elementor-post-type=\"page\">\n\t\t\t\t\t\t<section class=\"elementor-section elementor-top-section elementor-element elementor-element-8b404da elementor-section-boxed elementor-section-height-default elementor-section-height-default\" data-id=\"8b404da\" data-element_type=\"section\">\n\t\t\t\t\t\t<div class=\"elementor-container elementor-column-gap-no\">\n\t\t\t\t\t<div class=\"elementor-column elementor-col-100 elementor-top-column elementor-element elementor-element-3d086fd\" data-id=\"3d086fd\" data-element_type=\"column\">\n\t\t\t<div class=\"elementor-widget-wrap elementor-element-populated\">\n\t\t\t\t\t\t<div class=\"elementor-element elementor-element-b2cdda0 elementor-invisible elementor-widget elementor-widget-heading\" data-id=\"b2cdda0\" data-element_type=\"widget\" data-settings=\"{&quot;_animation&quot;:&quot;fadeIn&quot;,&quot;_animation_tablet&quot;:&quot;none&quot;,&quot;_animation_delay&quot;:300}\" data-widget_type=\"heading.default\">\n\t\t\t\t<div class=\"elementor-widget-container\">\n\t\t\t\t\t<h2 class=\"elementor-heading-title elementor-size-default\">Gizlilik Politikas\u0131<\/h2>\t\t\t\t<\/div>\n\t\t\t\t<\/div>\n\t\t\t\t<div class=\"elementor-element elementor-element-ef24c8c elementor-widget__width-initial elementor-widget-mobile__width-inherit elementor-widget-tablet__width-inherit elementor-widget elementor-widget-text-editor\" data-id=\"ef24c8c\" data-element_type=\"widget\" data-widget_type=\"text-editor.default\">\n\t\t\t\t<div class=\"elementor-widget-container\">\n\t\t\t\t\t\t\t\t\t<p>Betpas Anonim \u015eirketi<\/p>\t\t\t\t\t\t\t\t<\/div>\n\t\t\t\t<\/div>\n\t\t\t\t\t<\/div>\n\t\t<\/div>\n\t\t\t\t\t<\/div>\n\t\t<\/section>\n\t\t\t\t<section class=\"elementor-section elementor-top-section elementor-element elementor-element-5370d28 elementor-section-boxed elementor-section-height-default elementor-section-height-default\" data-id=\"5370d28\" data-element_type=\"section\">\n\t\t\t\t\t\t<div class=\"elementor-container elementor-column-gap-no\">\n\t\t\t\t\t<div class=\"elementor-column elementor-col-100 elementor-top-column elementor-element elementor-element-3688fcd\" data-id=\"3688fcd\" data-element_type=\"column\">\n\t\t\t<div class=\"elementor-widget-wrap elementor-element-populated\">\n\t\t\t\t\t\t<div class=\"elementor-element elementor-element-c0f7ab4 elementor-widget elementor-widget-heading\" data-id=\"c0f7ab4\" data-element_type=\"widget\" data-widget_type=\"heading.default\">\n\t\t\t\t<div class=\"elementor-widget-container\">\n\t\t\t\t\t<h3 class=\"elementor-heading-title elementor-size-default\">Hangi bilgileri topluyoruz?<\/h3>\t\t\t\t<\/div>\n\t\t\t\t<\/div>\n\t\t\t\t<div class=\"elementor-element elementor-element-1f795bd elementor-widget elementor-widget-text-editor\" data-id=\"1f795bd\" data-element_type=\"widget\" data-widget_type=\"text-editor.default\">\n\t\t\t\t<div class=\"elementor-widget-container\">\n\t\t\t\t\t\t\t\t\t<p>Bizimle etkile\u015fim kurdu\u011funuzda, ad\u0131n\u0131z\u0131, adresinizi, e-posta adresinizi\/adreslerinizi, telefon numaran\u0131z\u0131\/numaralar\u0131n\u0131z\u0131 ve uygun oldu\u011fu durumlarda do\u011fum tarihinizi toplayabiliriz.<\/p>\t\t\t\t\t\t\t\t<\/div>\n\t\t\t\t<\/div>\n\t\t\t\t<div class=\"elementor-element elementor-element-89d862a elementor-widget elementor-widget-heading\" data-id=\"89d862a\" data-element_type=\"widget\" data-widget_type=\"heading.default\">\n\t\t\t\t<div class=\"elementor-widget-container\">\n\t\t\t\t\t<h3 class=\"elementor-heading-title elementor-size-default\">Bilgileri nas\u0131l toplar\u0131z?<\/h3>\t\t\t\t<\/div>\n\t\t\t\t<\/div>\n\t\t\t\t<div class=\"elementor-element elementor-element-696fb7f elementor-widget elementor-widget-text-editor\" data-id=\"696fb7f\" data-element_type=\"widget\" data-widget_type=\"text-editor.default\">\n\t\t\t\t<div class=\"elementor-widget-container\">\n\t\t\t\t\t\t\t\t\t<p>Bizimle etkile\u015fimde bulundu\u011funuz her zaman hakk\u0131n\u0131zda bilgi toplayabiliriz. \u00d6rne\u011fin, faaliyetlerimizle ilgili olarak bizimle ileti\u015fime ge\u00e7ti\u011finizde, destek\u00e7i olarak kaydoldu\u011funuzda, bilgi g\u00f6nderip ald\u0131\u011f\u0131n\u0131zda veya bir dilek\u00e7e imzalad\u0131\u011f\u0131n\u0131zda, ki\u015fisel bilgilerinizi bize bilerek ve isteyerek sa\u011flars\u0131n\u0131z. Ayr\u0131ca, \u00fc\u00e7\u00fcnc\u00fc taraflardan da hakk\u0131n\u0131zda bilgi alabiliriz \u2013 ancak yaln\u0131zca bilgilerinizi payla\u015fmalar\u0131 i\u00e7in onlara izin verdiyseniz.<\/p>\t\t\t\t\t\t\t\t<\/div>\n\t\t\t\t<\/div>\n\t\t\t\t<div class=\"elementor-element elementor-element-42de6f4 elementor-widget elementor-widget-heading\" data-id=\"42de6f4\" data-element_type=\"widget\" data-widget_type=\"heading.default\">\n\t\t\t\t<div class=\"elementor-widget-container\">\n\t\t\t\t\t<h3 class=\"elementor-heading-title elementor-size-default\">Gizlilik<\/h3>\t\t\t\t<\/div>\n\t\t\t\t<\/div>\n\t\t\t\t<div class=\"elementor-element elementor-element-d75853f elementor-widget elementor-widget-text-editor\" data-id=\"d75853f\" data-element_type=\"widget\" data-widget_type=\"text-editor.default\">\n\t\t\t\t<div class=\"elementor-widget-container\">\n\t\t\t\t\t\t\t\t\t<p>Hay\u0131r Kurumumuz taraf\u0131ndan sahip olunmayan veya y\u00f6netilmeyen web siteleri (web sitemiz arac\u0131l\u0131\u011f\u0131yla ba\u011flant\u0131 verilenler de dahil olmak \u00fczere) taraf\u0131ndan toplanan verilerin gizlili\u011finden sorumlu olmayaca\u011f\u0131z.<\/p>\t\t\t\t\t\t\t\t<\/div>\n\t\t\t\t<\/div>\n\t\t\t\t<div class=\"elementor-element elementor-element-9c0dfa1 elementor-widget elementor-widget-heading\" data-id=\"9c0dfa1\" data-element_type=\"widget\" data-widget_type=\"heading.default\">\n\t\t\t\t<div class=\"elementor-widget-container\">\n\t\t\t\t\t<h3 class=\"elementor-heading-title elementor-size-default\">\u015eikayette bulunmak<\/h3>\t\t\t\t<\/div>\n\t\t\t\t<\/div>\n\t\t\t\t<div class=\"elementor-element elementor-element-50d2383 elementor-widget elementor-widget-text-editor\" data-id=\"50d2383\" data-element_type=\"widget\" data-widget_type=\"text-editor.default\">\n\t\t\t\t<div class=\"elementor-widget-container\">\n\t\t\t\t\t\t\t\t\t<p>Yan\u0131t\u0131m\u0131zdan memnun kalmazsan\u0131z, l\u00fctfen endi\u015felerinizi a\u00e7\u0131klayan ayr\u0131nt\u0131larla birlikte konstruktion@email.com adresinden bizimle ileti\u015fime ge\u00e7in. \u015eikayetinizi inceleyece\u011fiz, do\u011fru prosed\u00fcrlerin izlenip izlenmedi\u011fini ara\u015ft\u0131raca\u011f\u0131z ve uygun \u015fekilde size geri d\u00f6n\u00fc\u015f yapaca\u011f\u0131z. Bu ara\u015ft\u0131rmay\u0131 \u015fikayetinizi ald\u0131ktan sonra 15 i\u015f g\u00fcn\u00fc i\u00e7inde tamamlamay\u0131 hedefliyoruz, ancak baz\u0131 durumlarda daha uzun s\u00fcrebilir. Yan\u0131t\u0131m\u0131zdan hala memnun kalmazsan\u0131z, bizimle ileti\u015fime ge\u00e7ebilirsiniz.<\/p>\t\t\t\t\t\t\t\t<\/div>\n\t\t\t\t<\/div>\n\t\t\t\t\t<\/div>\n\t\t<\/div>\n\t\t\t\t\t<\/div>\n\t\t<\/section>\n\t\t\t\t<\/div>\n\t\t","protected":false},"excerpt":{"rendered":"<p>Gizlilik Politikas\u0131 Betpas Anonim \u015eirketi Hangi bilgileri topluyoruz? Bizimle etkile\u015fim kurdu\u011funuzda, ad\u0131n\u0131z\u0131, adresinizi, e-posta adresinizi\/adreslerinizi, telefon numaran\u0131z\u0131\/numaralar\u0131n\u0131z\u0131 ve uygun oldu\u011fu durumlarda do\u011fum tarihinizi toplayabiliriz. Bilgileri nas\u0131l toplar\u0131z? Bizimle etkile\u015fimde bulundu\u011funuz her zaman hakk\u0131n\u0131zda bilgi toplayabiliriz. \u00d6rne\u011fin, faaliyetlerimizle ilgili olarak bizimle ileti\u015fime ge\u00e7ti\u011finizde, destek\u00e7i olarak kaydoldu\u011funuzda, bilgi g\u00f6nderip ald\u0131\u011f\u0131n\u0131zda veya bir dilek\u00e7e imzalad\u0131\u011f\u0131n\u0131zda, ki\u015fisel bilgilerinizi bize&#8230;<\/p>\n","protected":false},"author":1,"featured_media":0,"parent":0,"menu_order":0,"comment_status":"closed","ping_status":"closed","template":"","meta":{"footnotes":""},"class_list":["post-3","page","type-page","status-publish","hentry"],"_links":{"self":[{"href":"https:\/\/betpasajans.com\/index.php?rest_route=\/wp\/v2\/pages\/3","targetHints":{"allow":["GET"]}}],"collection":[{"href":"https:\/\/betpasajans.com\/index.php?rest_route=\/wp\/v2\/pages"}],"about":[{"href":"https:\/\/betpasajans.com\/index.php?rest_route=\/wp\/v2\/types\/page"}],"author":[{"embeddable":true,"href":"https:\/\/betpasajans.com\/index.php?rest_route=\/wp\/v2\/users\/1"}],"replies":[{"embeddable":true,"href":"https:\/\/betpasajans.com\/index.php?rest_route=%2Fwp%2Fv2%2Fcomments&post=3"}],"version-history":[{"count":4,"href":"https:\/\/betpasajans.com\/index.php?rest_route=\/wp\/v2\/pages\/3\/revisions"}],"predecessor-version":[{"id":987739,"href":"https:\/\/betpasajans.com\/index.php?rest_route=\/wp\/v2\/pages\/3\/revisions\/987739"}],"wp:attachment":[{"href":"https:\/\/betpasajans.com\/index.php?rest_route=%2Fwp%2Fv2%2Fmedia&parent=3"}],"curies":[{"name":"wp","href":"https:\/\/api.w.org\/{rel}","templated":true}]}}